{"id":7276,"date":"2024-10-16T09:52:25","date_gmt":"2024-10-16T09:52:25","guid":{"rendered":"https:\/\/officelistpartner.flexado.com\/contactez-nous\/"},"modified":"2025-06-20T07:23:16","modified_gmt":"2025-06-20T07:23:16","slug":"contactez-nous","status":"publish","type":"page","link":"https:\/\/partners.officelist.com\/fr\/contactez-nous\/","title":{"rendered":"Contactez nous"},"content":{"rendered":"\n\t\t<div id=\"fws_69d7ac87ba03e\"  data-column-margin=\"default\" data-midnight=\"dark\"  class=\"wpb_row vc_row-fluid vc_row vc_row-o-equal-height vc_row-flex vc_row-o-content-top  top_padding_tablet_15px top_padding_phone_10px bottom_padding_tablet_20px bottom_padding_phone_10px\"  style=\"padding-top: 30px; padding-bottom: 30px; \"><div class=\"row-bg-wrap\" data-bg-animation=\"none\" data-bg-animation-delay=\"\" data-bg-overlay=\"false\"><div class=\"inner-wrap row-bg-layer\" ><div class=\"row-bg viewport-desktop\"  style=\"\"><\/div><\/div><\/div><div class=\"row_col_wrap_12 col span_12 dark left\">\n\t<div  class=\"vc_col-sm-12 wpb_column column_container vc_column_container col no-extra-padding inherit_tablet inherit_phone \"  data-padding-pos=\"all\" data-has-bg-color=\"false\" data-bg-color=\"\" data-bg-opacity=\"1\" data-animation=\"\" data-delay=\"0\" >\n\t\t<div class=\"vc_column-inner\" >\n\t\t\t<div class=\"wpb_wrapper\">\n\t\t\t\t\n<div class=\"wpb_text_column wpb_content_element \" >\n\t<div class=\"wpb_wrapper\">\n\t\t<h1>Questions?<br \/>Contactez nous<\/h1>\n\t<\/div>\n<\/div>\n\n\n\n\n\t\t\t<\/div> \n\t\t<\/div>\n\t<\/div> \n<\/div><\/div>\n\t\t<div id=\"fws_69d7ac87ba7a9\"  data-column-margin=\"20px\" data-midnight=\"dark\"  class=\"wpb_row vc_row-fluid vc_row vc_row-o-equal-height vc_row-flex  top_padding_tablet_20px top_padding_phone_10px\"  style=\"padding-top: 30px; padding-bottom: 0px; \"><div class=\"row-bg-wrap\" data-bg-animation=\"none\" data-bg-animation-delay=\"\" data-bg-overlay=\"false\"><div class=\"inner-wrap row-bg-layer\" ><div class=\"row-bg viewport-desktop\"  style=\"\"><\/div><\/div><\/div><div class=\"row_col_wrap_12 col span_12 dark left\">\n\t<div style=\"\" class=\"vc_col-sm-6 wpb_column column_container vc_column_container col padding-3-percent padding-3-percent_tablet padding-3-percent_phone tl_br_35px tr_br_35px bl_br_35px br_br_35px \" data-using-bg=\"true\" data-bg-cover=\"true\" data-padding-pos=\"all\" data-has-bg-color=\"false\" data-bg-color=\"\" data-bg-opacity=\"1\" data-animation=\"\" data-delay=\"0\" >\n\t\t<div class=\"vc_column-inner\" ><div class=\"column-image-bg-wrap column-bg-layer viewport-desktop\" data-bg-pos=\"center center\" data-bg-animation=\"none\" data-bg-overlay=\"false\"><div class=\"inner-wrap\"><div class=\"column-image-bg\" style=\" background-image: url('https:\/\/partners.officelist.com\/wp-content\/uploads\/sites\/15\/2024\/11\/OL-contact-img-2.jpg'); \"><\/div><\/div><\/div>\n\t\t\t<div class=\"wpb_wrapper\">\n\t\t\t\t<div class=\"divider-wrap height_tablet_350px height_phone_250px \" data-alignment=\"default\"><div style=\"height: 360px;\" class=\"divider\"><\/div><\/div>\n\t\t\t<\/div> \n\t\t<\/div>\n\t<\/div> \n\n\t<div style=\"\" class=\"vc_col-sm-3 wpb_column column_container vc_column_container col padding-5-percent padding-8-percent_tablet padding-20-percent_phone tl_br_35px tr_br_35px bl_br_35px br_br_35px \" data-using-bg=\"true\" data-bg-cover=\"true\" data-padding-pos=\"all\" data-has-bg-color=\"false\" data-bg-color=\"\" data-bg-opacity=\"1\" data-animation=\"\" data-delay=\"0\" >\n\t\t<div class=\"vc_column-inner\" ><div class=\"column-image-bg-wrap column-bg-layer viewport-desktop\" data-bg-pos=\"center center\" data-bg-animation=\"none\" data-bg-overlay=\"false\"><div class=\"inner-wrap\"><div class=\"column-image-bg\" style=\" background-image: url('https:\/\/partners.officelist.com\/wp-content\/uploads\/sites\/15\/2025\/01\/OL-about-img-Uddy-2.jpg'); \"><\/div><\/div><\/div>\n\t\t\t<div class=\"wpb_wrapper\">\n\t\t\t\t<div class=\"divider-wrap height_tablet_20px height_phone_50px \" data-alignment=\"default\"><div  class=\"divider\"><\/div><\/div>\n<div class=\"wpb_text_column wpb_content_element  team-txt-overlay-2\" >\n\t<div class=\"wpb_wrapper\">\n\t\t<h6 style=\"padding: 0; margin: 0;\">Uddy Carmi<\/h6>\n<p>uddy@officelist.com<\/p>\n\t<\/div>\n<\/div>\n\n\n\n\n\t\t\t<\/div> \n\t\t<\/div>\n\t<\/div> \n\n\t<div style=\"\" class=\"vc_col-sm-3 col-btn-full-width wpb_column column_container vc_column_container col padding-3-percent padding-2-percent_tablet padding-3-percent_phone tl_br_35px tr_br_35px bl_br_35px br_br_35px \" data-using-bg=\"true\" data-padding-pos=\"all\" data-has-bg-color=\"true\" data-bg-color=\"#deff32\" data-bg-opacity=\"1\" data-animation=\"\" data-delay=\"0\" >\n\t\t<div class=\"vc_column-inner\" ><div class=\"column-bg-overlay-wrap column-bg-layer\" data-bg-animation=\"none\"><div class=\"column-bg-overlay\" style=\"opacity: 1; background-color: #deff32;\"><\/div><\/div>\n\t\t\t<div class=\"wpb_wrapper\">\n\t\t\t\t\n<div class=\"wpb_text_column wpb_content_element \" >\n\t<div class=\"wpb_wrapper\">\n\t\t<h6>Vous pouvez nous appeler ou nous envoyer un e-mail, et nous serons ravis de vous guider dans votre recherche d\u2019espace de bureau.<\/h6>\n\t<\/div>\n<\/div>\n\n\n\n<div class=\"divider-wrap height_tablet_40px height_phone_20px \" data-alignment=\"default\"><div style=\"height: 50px;\" class=\"divider\"><\/div><\/div><a class=\"nectar-button jumbo regular extra-color-1  regular-button popup-usp-officelist\"  role=\"button\" style=\"color: #deff32; \"  href=\"tel:18663545478\" data-color-override=\"false\" data-hover-color-override=\"false\" data-hover-text-color-override=\"#fff\"><span>1 866 354 5478<\/span><\/a><a class=\"nectar-button large regular accent-color  regular-button popup-usp-officelist\"  role=\"button\" style=\"color: #004d52; background-color: #ffffff;\"  href=\"mailto:partners@officelist.com\" data-color-override=\"#ffffff\" data-hover-color-override=\"false\" data-hover-text-color-override=\"#fff\"><span>partners@officelist.com<\/span><\/a>\n\t\t\t<\/div> \n\t\t<\/div>\n\t<\/div> \n<\/div><\/div>\n\t\t<div id=\"fws_69d7ac87bbadf\"  data-column-margin=\"custom\" data-midnight=\"dark\"  class=\"wpb_row vc_row-fluid vc_row vc_row-o-equal-height vc_row-flex  column-margin-15px\"  style=\"padding-top: 0px; padding-bottom: 0px; \"><div class=\"row-bg-wrap\" data-bg-animation=\"none\" data-bg-animation-delay=\"\" data-bg-overlay=\"false\"><div class=\"inner-wrap row-bg-layer\" ><div class=\"row-bg viewport-desktop\"  style=\"\"><\/div><\/div><\/div><div class=\"row_col_wrap_12 col span_12 dark left\">\n\t<div style=\"\" class=\"vc_col-sm-4 contact-block wpb_column column_container vc_column_container col padding-4-percent inherit_tablet inherit_phone tl_br_35px tr_br_35px bl_br_35px br_br_35px \" data-using-bg=\"true\" data-padding-pos=\"all\" data-has-bg-color=\"true\" data-bg-color=\"#f3f3f3\" data-bg-opacity=\"1\" data-animation=\"\" data-delay=\"0\" >\n\t\t<div class=\"vc_column-inner\" ><div class=\"column-bg-overlay-wrap column-bg-layer\" data-bg-animation=\"none\"><div class=\"column-bg-overlay\" style=\"opacity: 1; background-color: #f3f3f3;\"><\/div><\/div>\n\t\t\t<div class=\"wpb_wrapper\">\n\t\t\t\t\n<div class=\"wpb_text_column wpb_content_element \" >\n\t<div class=\"wpb_wrapper\">\n\t\t<h5>Courrier<\/h5>\n<p>1680 Michigan Ave (Suite 700)<br \/>Miami Beach, FL 33139<\/p>\n\t<\/div>\n<\/div>\n\n\n\n\n\t\t\t<\/div> \n\t\t<\/div>\n\t<\/div> \n\n\t<div style=\"\" class=\"vc_col-sm-8 wpb_column column_container vc_column_container col padding-4-percent inherit_tablet inherit_phone tl_br_35px tr_br_35px bl_br_35px br_br_35px \" data-using-bg=\"true\" data-padding-pos=\"all\" data-has-bg-color=\"true\" data-bg-color=\"#f5f7ec\" data-bg-opacity=\"1\" data-animation=\"\" data-delay=\"0\" >\n\t\t<div class=\"vc_column-inner\" ><div class=\"column-bg-overlay-wrap column-bg-layer\" data-bg-animation=\"none\"><div class=\"column-bg-overlay\" style=\"opacity: 1; background-color: #f5f7ec;\"><\/div><\/div>\n\t\t\t<div class=\"wpb_wrapper\">\n\t\t\t\t<div id=\"fws_69d7ac87bd9cc\" data-midnight=\"\" data-column-margin=\"default\" class=\"wpb_row vc_row-fluid vc_row inner_row vc_row-o-equal-height vc_row-flex vc_row-o-content-middle\"  style=\"\"><div class=\"row-bg-wrap\"> <div class=\"row-bg\" ><\/div> <\/div><div class=\"row_col_wrap_12_inner col span_12  left\">\n\t<div  class=\"vc_col-sm-9 wpb_column column_container vc_column_container col child_column no-extra-padding inherit_tablet inherit_phone \"   data-padding-pos=\"all\" data-has-bg-color=\"false\" data-bg-color=\"\" data-bg-opacity=\"1\" data-animation=\"\" data-delay=\"0\" >\n\t\t<div class=\"vc_column-inner\" >\n\t\t<div class=\"wpb_wrapper\">\n\t\t\t\n<div class=\"wpb_text_column wpb_content_element \" >\n\t<div class=\"wpb_wrapper\">\n\t\t<h5>Formulaire de contact<\/h5>\n<p>Notre \u00e9quipe est toujours pr\u00eate \u00e0 vous aider ! Veuillez remplir le formulaire de contact ci-dessous et l\u2019un de nos responsables de compte vous r\u00e9pondra dans un d\u00e9lai d\u2019un jour ouvrable.<\/p>\n\t<\/div>\n<\/div>\n\n\n\n\n\t\t<\/div> \n\t<\/div>\n\t<\/div> \n\n\t<div  class=\"vc_col-sm-3 wpb_column column_container vc_column_container col child_column no-extra-padding force-desktop-text-align-right force-tablet-text-align-left force-phone-text-align-left inherit_tablet inherit_phone \"   data-padding-pos=\"all\" data-has-bg-color=\"false\" data-bg-color=\"\" data-bg-opacity=\"1\" data-animation=\"\" data-delay=\"0\" >\n\t\t<div class=\"vc_column-inner\" >\n\t\t<div class=\"wpb_wrapper\">\n\t\t\t<a class=\"nectar-button large regular accent-color  regular-button popup-vo-quote\"  role=\"button\" style=\"color: #000000; background-color: #ffffff;\"  href=\"#\" data-color-override=\"#ffffff\" data-hover-color-override=\"false\" data-hover-text-color-override=\"#fff\"><span>Formulaire ouvert<\/span><\/a>\n\t\t<\/div> \n\t<\/div>\n\t<\/div> \n<\/div><\/div>\n\t\t\t<\/div> \n\t\t<\/div>\n\t<\/div> \n<\/div><\/div>\n"},"excerpt":{"rendered":"<p>[vc_row type=\u00a0\u00bbin_container\u00a0\u00bb full_screen_row_position=\u00a0\u00bbmiddle\u00a0\u00bb column_margin=\u00a0\u00bbdefault\u00a0\u00bb equal_height=\u00a0\u00bbyes\u00a0\u00bb content_placement=\u00a0\u00bbtop\u00a0\u00bb column_direction=\u00a0\u00bbdefault\u00a0\u00bb column_direction_tablet=\u00a0\u00bbdefault\u00a0\u00bb column_direction_phone=\u00a0\u00bbdefault\u00a0\u00bb scene_position=\u00a0\u00bbcenter\u00a0\u00bb top_padding=\u00a0\u00bb30&Prime; bottom_padding=\u00a0\u00bb30&Prime; top_padding_tablet=\u00a0\u00bb15&Prime; bottom_padding_tablet=\u00a0\u00bb20&Prime; top_padding_phone=\u00a0\u00bb10&Prime; bottom_padding_phone=\u00a0\u00bb10&Prime; text_color=\u00a0\u00bbdark\u00a0\u00bb text_align=\u00a0\u00bbleft\u00a0\u00bb row_border_radius=\u00a0\u00bbnone\u00a0\u00bb row_border_radius_applies=\u00a0\u00bbbg\u00a0\u00bb overflow=\u00a0\u00bbvisible\u00a0\u00bb overlay_strength=\u00a0\u00bb0.3&Prime; gradient_direction=\u00a0\u00bbleft_to_right\u00a0\u00bb shape_divider_position=\u00a0\u00bbbottom\u00a0\u00bb bg_image_animation=\u00a0\u00bbnone\u00a0\u00bb gradient_type=\u00a0\u00bbdefault\u00a0\u00bb shape_type=\u00a0\u00bb\u00a0\u00bb][vc_column column_padding=\u00a0\u00bbno-extra-padding\u00a0\u00bb column_padding_tablet=\u00a0\u00bbinherit\u00a0\u00bb column_padding_phone=\u00a0\u00bbinherit\u00a0\u00bb&#8230;<\/p>\n","protected":false},"author":3,"featured_media":0,"parent":0,"menu_order":0,"comment_status":"closed","ping_status":"closed","template":"","meta":{"inline_featured_image":false,"footnotes":""},"class_list":["post-7276","page","type-page","status-publish"],"yoast_head":"<!-- This site is optimized with the Yoast SEO Premium plugin v24.2 (Yoast SEO v24.2) - https:\/\/yoast.com\/wordpress\/plugins\/seo\/ -->\n<title>Contactez-nous pour des conseils d&#039;experts en espaces de bureau.<\/title>\n<meta name=\"description\" content=\"Vous avez besoin d&#039;aide pour trouver l&#039;espace de bureau id\u00e9al pour votre entreprise ? Contactez-nous par t\u00e9l\u00e9phone ou par e-mail d\u00e8s aujourd&#039;hui pour commencer \u00e0 s\u00e9curiser un espace de travail qui soutient votre croissance.\" \/>\n<meta name=\"robots\" content=\"index, follow, max-snippet:-1, max-image-preview:large, max-video-preview:-1\" \/>\n<link rel=\"canonical\" href=\"https:\/\/partners.officelist.com\/fr\/contactez-nous\/\" \/>\n<meta property=\"og:locale\" content=\"fr_FR\" \/>\n<meta property=\"og:type\" content=\"article\" \/>\n<meta property=\"og:title\" content=\"Contactez-nous pour tous vos besoins en espace de bureau.\" \/>\n<meta property=\"og:description\" content=\"Trouvez votre espace de bureau id\u00e9al avec notre aide. Appelez-nous ou envoyez un e-mail pour des conseils et un accompagnement professionnels.\" \/>\n<meta property=\"og:url\" content=\"https:\/\/partners.officelist.com\/fr\/contactez-nous\/\" \/>\n<meta property=\"og:site_name\" content=\"Partners\" \/>\n<meta property=\"article:publisher\" content=\"https:\/\/www.facebook.com\/OfficeList\" \/>\n<meta property=\"article:modified_time\" content=\"2025-06-20T07:23:16+00:00\" \/>\n<meta property=\"og:image\" content=\"https:\/\/officelist.flexado.com\/wp-content\/uploads\/sites\/15\/2025\/01\/logo-vierkant-300x300.png\" \/>\n<meta name=\"twitter:card\" content=\"summary_large_image\" \/>\n<meta name=\"twitter:title\" content=\"Contactez nous\" \/>\n<meta name=\"twitter:label1\" content=\"Dur\u00e9e de lecture estim\u00e9e\" \/>\n\t<meta name=\"twitter:data1\" content=\"7 minutes\" \/>\n<script type=\"application\/ld+json\" class=\"yoast-schema-graph\">{\"@context\":\"https:\/\/schema.org\",\"@graph\":[{\"@type\":\"WebPage\",\"@id\":\"https:\/\/partners.officelist.com\/fr\/contactez-nous\/\",\"url\":\"https:\/\/partners.officelist.com\/fr\/contactez-nous\/\",\"name\":\"Contactez-nous pour des conseils d'experts en espaces de bureau.\",\"isPartOf\":{\"@id\":\"https:\/\/partners.officelist.com\/#website\"},\"datePublished\":\"2024-10-16T09:52:25+00:00\",\"dateModified\":\"2025-06-20T07:23:16+00:00\",\"description\":\"Vous avez besoin d'aide pour trouver l'espace de bureau id\u00e9al pour votre entreprise ? Contactez-nous par t\u00e9l\u00e9phone ou par e-mail d\u00e8s aujourd'hui pour commencer \u00e0 s\u00e9curiser un espace de travail qui soutient votre croissance.\",\"breadcrumb\":{\"@id\":\"https:\/\/partners.officelist.com\/fr\/contactez-nous\/#breadcrumb\"},\"inLanguage\":\"fr-FR\",\"potentialAction\":[{\"@type\":\"ReadAction\",\"target\":[\"https:\/\/partners.officelist.com\/fr\/contactez-nous\/\"]}]},{\"@type\":\"BreadcrumbList\",\"@id\":\"https:\/\/partners.officelist.com\/fr\/contactez-nous\/#breadcrumb\",\"itemListElement\":[{\"@type\":\"ListItem\",\"position\":1,\"name\":\"Home\",\"item\":\"https:\/\/partners.officelist.com\/fr\/accueil\/\"},{\"@type\":\"ListItem\",\"position\":2,\"name\":\"Contactez nous\"}]},{\"@type\":\"WebSite\",\"@id\":\"https:\/\/partners.officelist.com\/#website\",\"url\":\"https:\/\/partners.officelist.com\/\",\"name\":\"Officelist\",\"description\":\"Office Space For Rent\",\"publisher\":{\"@id\":\"https:\/\/partners.officelist.com\/#organization\"},\"potentialAction\":[{\"@type\":\"SearchAction\",\"target\":{\"@type\":\"EntryPoint\",\"urlTemplate\":\"https:\/\/partners.officelist.com\/?s={search_term_string}\"},\"query-input\":{\"@type\":\"PropertyValueSpecification\",\"valueRequired\":true,\"valueName\":\"search_term_string\"}}],\"inLanguage\":\"fr-FR\"},{\"@type\":\"Organization\",\"@id\":\"https:\/\/partners.officelist.com\/#organization\",\"name\":\"Officelist\",\"url\":\"https:\/\/partners.officelist.com\/\",\"logo\":{\"@type\":\"ImageObject\",\"inLanguage\":\"fr-FR\",\"@id\":\"https:\/\/partners.officelist.com\/#\/schema\/logo\/image\/\",\"url\":\"https:\/\/officelist.flexado.com\/wp-content\/uploads\/sites\/15\/2024\/10\/Officelist-logo.svg\",\"contentUrl\":\"https:\/\/officelist.flexado.com\/wp-content\/uploads\/sites\/15\/2024\/10\/Officelist-logo.svg\",\"width\":\"1024\",\"height\":\"1024\",\"caption\":\"Officelist\"},\"image\":{\"@id\":\"https:\/\/partners.officelist.com\/#\/schema\/logo\/image\/\"},\"sameAs\":[\"https:\/\/www.facebook.com\/OfficeList\",\"https:\/\/www.linkedin.com\/company\/officelist-llc\/\"]}]}<\/script>\n<!-- \/ Yoast SEO Premium plugin. -->","yoast_head_json":{"title":"Contactez-nous pour des conseils d'experts en espaces de bureau.","description":"Vous avez besoin d'aide pour trouver l'espace de bureau id\u00e9al pour votre entreprise ? Contactez-nous par t\u00e9l\u00e9phone ou par e-mail d\u00e8s aujourd'hui pour commencer \u00e0 s\u00e9curiser un espace de travail qui soutient votre croissance.","robots":{"index":"index","follow":"follow","max-snippet":"max-snippet:-1","max-image-preview":"max-image-preview:large","max-video-preview":"max-video-preview:-1"},"canonical":"https:\/\/partners.officelist.com\/fr\/contactez-nous\/","og_locale":"fr_FR","og_type":"article","og_title":"Contactez-nous pour tous vos besoins en espace de bureau.","og_description":"Trouvez votre espace de bureau id\u00e9al avec notre aide. Appelez-nous ou envoyez un e-mail pour des conseils et un accompagnement professionnels.","og_url":"https:\/\/partners.officelist.com\/fr\/contactez-nous\/","og_site_name":"Partners","article_publisher":"https:\/\/www.facebook.com\/OfficeList","article_modified_time":"2025-06-20T07:23:16+00:00","og_image":[{"url":"https:\/\/officelist.flexado.com\/wp-content\/uploads\/sites\/15\/2025\/01\/logo-vierkant-300x300.png","type":"","width":"","height":""}],"twitter_card":"summary_large_image","twitter_title":"Contactez nous","twitter_misc":{"Dur\u00e9e de lecture estim\u00e9e":"7 minutes"},"schema":{"@context":"https:\/\/schema.org","@graph":[{"@type":"WebPage","@id":"https:\/\/partners.officelist.com\/fr\/contactez-nous\/","url":"https:\/\/partners.officelist.com\/fr\/contactez-nous\/","name":"Contactez-nous pour des conseils d'experts en espaces de bureau.","isPartOf":{"@id":"https:\/\/partners.officelist.com\/#website"},"datePublished":"2024-10-16T09:52:25+00:00","dateModified":"2025-06-20T07:23:16+00:00","description":"Vous avez besoin d'aide pour trouver l'espace de bureau id\u00e9al pour votre entreprise ? Contactez-nous par t\u00e9l\u00e9phone ou par e-mail d\u00e8s aujourd'hui pour commencer \u00e0 s\u00e9curiser un espace de travail qui soutient votre croissance.","breadcrumb":{"@id":"https:\/\/partners.officelist.com\/fr\/contactez-nous\/#breadcrumb"},"inLanguage":"fr-FR","potentialAction":[{"@type":"ReadAction","target":["https:\/\/partners.officelist.com\/fr\/contactez-nous\/"]}]},{"@type":"BreadcrumbList","@id":"https:\/\/partners.officelist.com\/fr\/contactez-nous\/#breadcrumb","itemListElement":[{"@type":"ListItem","position":1,"name":"Home","item":"https:\/\/partners.officelist.com\/fr\/accueil\/"},{"@type":"ListItem","position":2,"name":"Contactez nous"}]},{"@type":"WebSite","@id":"https:\/\/partners.officelist.com\/#website","url":"https:\/\/partners.officelist.com\/","name":"Officelist","description":"Office Space For Rent","publisher":{"@id":"https:\/\/partners.officelist.com\/#organization"},"potentialAction":[{"@type":"SearchAction","target":{"@type":"EntryPoint","urlTemplate":"https:\/\/partners.officelist.com\/?s={search_term_string}"},"query-input":{"@type":"PropertyValueSpecification","valueRequired":true,"valueName":"search_term_string"}}],"inLanguage":"fr-FR"},{"@type":"Organization","@id":"https:\/\/partners.officelist.com\/#organization","name":"Officelist","url":"https:\/\/partners.officelist.com\/","logo":{"@type":"ImageObject","inLanguage":"fr-FR","@id":"https:\/\/partners.officelist.com\/#\/schema\/logo\/image\/","url":"https:\/\/officelist.flexado.com\/wp-content\/uploads\/sites\/15\/2024\/10\/Officelist-logo.svg","contentUrl":"https:\/\/officelist.flexado.com\/wp-content\/uploads\/sites\/15\/2024\/10\/Officelist-logo.svg","width":"1024","height":"1024","caption":"Officelist"},"image":{"@id":"https:\/\/partners.officelist.com\/#\/schema\/logo\/image\/"},"sameAs":["https:\/\/www.facebook.com\/OfficeList","https:\/\/www.linkedin.com\/company\/officelist-llc\/"]}]}},"_links":{"self":[{"href":"https:\/\/partners.officelist.com\/fr\/wp-json\/wp\/v2\/pages\/7276","targetHints":{"allow":["GET"]}}],"collection":[{"href":"https:\/\/partners.officelist.com\/fr\/wp-json\/wp\/v2\/pages"}],"about":[{"href":"https:\/\/partners.officelist.com\/fr\/wp-json\/wp\/v2\/types\/page"}],"author":[{"embeddable":true,"href":"https:\/\/partners.officelist.com\/fr\/wp-json\/wp\/v2\/users\/3"}],"replies":[{"embeddable":true,"href":"https:\/\/partners.officelist.com\/fr\/wp-json\/wp\/v2\/comments?post=7276"}],"version-history":[{"count":10,"href":"https:\/\/partners.officelist.com\/fr\/wp-json\/wp\/v2\/pages\/7276\/revisions"}],"predecessor-version":[{"id":7968,"href":"https:\/\/partners.officelist.com\/fr\/wp-json\/wp\/v2\/pages\/7276\/revisions\/7968"}],"wp:attachment":[{"href":"https:\/\/partners.officelist.com\/fr\/wp-json\/wp\/v2\/media?parent=7276"}],"curies":[{"name":"wp","href":"https:\/\/api.w.org\/{rel}","templated":true}]}}